{"id":8,"date":"2025-06-14T14:03:12","date_gmt":"2025-06-14T14:03:12","guid":{"rendered":"http:\/\/billboardy.elmsservice.cz\/?page_id=8"},"modified":"2025-06-23T13:09:17","modified_gmt":"2025-06-23T12:09:17","slug":"instalace-billboardu","status":"publish","type":"page","link":"https:\/\/billboardy.elmsservice.cz\/","title":{"rendered":"Instalace billboardu v Kol\u00edn\u011b a okol\u00ed"},"content":{"rendered":"<div id=\"cs-content\" class=\"cs-content\"><\/div>\n","protected":false},"excerpt":{"rendered":"<p>Rychl\u00e1 a spolehliv\u00e1 instalace billboard\u016f v&nbsp;Kol\u00edn\u011b a&nbsp;okol\u00edPot\u0159ebujete billboard nainstalovat rychle a&nbsp;bez starost\u00ed? Jste na spr\u00e1vn\u00e9m m\u00edst\u011b. V Kol\u00edn\u011b a&nbsp;okol\u00ed v\u00e1m billboard nainstalujeme do 48&nbsp;hodin \u2013 spolehliv\u011b, profesion\u00e1ln\u011b a&nbsp;s&nbsp;\u00fasm\u011bvem. Zvl\u00e1dneme v\u0161echny typy: pap\u00edrov\u00e9 polepy samolepic\u00ed f\u00f3lie plachtov\u00e9 bannery A\u0165 u\u017e pot\u0159ebujete billboard jen p\u0159elepit, kompletn\u011b vym\u011bnit nebo zajistit v\u00fdrobu z&nbsp;va\u0161ich podklad\u016f \u2013 postar\u00e1me se o&nbsp;v\u0161echno. Vy n\u00e1m po\u0161lete podklady, my za\u0159\u00edd\u00edme &#8230; <\/p>\n<div><a href=\"https:\/\/billboardy.elmsservice.cz\/\" class=\"more-link\">Read More<\/a><\/div>\n","protected":false},"author":1,"featured_media":0,"parent":0,"menu_order":0,"comment_status":"closed","ping_status":"closed","template":"template-blank-7.php","meta":{"iawp_total_views":112,"footnotes":""},"class_list":["post-8","page","type-page","status-publish","hentry","no-post-thumbnail"],"_links":{"self":[{"href":"https:\/\/billboardy.elmsservice.cz\/index.php?rest_route=\/wp\/v2\/pages\/8","targetHints":{"allow":["GET"]}}],"collection":[{"href":"https:\/\/billboardy.elmsservice.cz\/index.php?rest_route=\/wp\/v2\/pages"}],"about":[{"href":"https:\/\/billboardy.elmsservice.cz\/index.php?rest_route=\/wp\/v2\/types\/page"}],"author":[{"embeddable":true,"href":"https:\/\/billboardy.elmsservice.cz\/index.php?rest_route=\/wp\/v2\/users\/1"}],"replies":[{"embeddable":true,"href":"https:\/\/billboardy.elmsservice.cz\/index.php?rest_route=%2Fwp%2Fv2%2Fcomments&post=8"}],"version-history":[{"count":32,"href":"https:\/\/billboardy.elmsservice.cz\/index.php?rest_route=\/wp\/v2\/pages\/8\/revisions"}],"predecessor-version":[{"id":78,"href":"https:\/\/billboardy.elmsservice.cz\/index.php?rest_route=\/wp\/v2\/pages\/8\/revisions\/78"}],"wp:attachment":[{"href":"https:\/\/billboardy.elmsservice.cz\/index.php?rest_route=%2Fwp%2Fv2%2Fmedia&parent=8"}],"curies":[{"name":"wp","href":"https:\/\/api.w.org\/{rel}","templated":true}]}}